{"id":20694,"date":"2021-10-25T01:24:49","date_gmt":"2021-10-25T01:24:49","guid":{"rendered":"https:\/\/blog.embluemail.com\/ebooks\/"},"modified":"2023-06-22T15:18:42","modified_gmt":"2023-06-22T15:18:42","slug":"ebooks","status":"publish","type":"page","link":"https:\/\/blog.embluemail.com\/pt-br\/ebooks\/","title":{"rendered":"eBooks"},"content":{"rendered":"<style>.wp-show-posts-columns#wpsp-25674 {margin-left: -2em; }.wp-show-posts-columns#wpsp-25674 .wp-show-posts-inner {margin: 0 0 2em 2em; }<\/style><section id=\"wpsp-25674\" class=\" wp-show-posts-columns wp-show-posts\" style=\"\"><article class=\" wp-show-posts-single post-29387 post type-post status-publish format-standard has-post-thumbnail hentry category-ebooks category-notas tag-marketing-digital-pt-br wpsp-col-6\" itemtype=\"http:\/\/schema.org\/CreativeWork\" itemscope><div class=\"wp-show-posts-inner\" style=\"\">\t\t<div class=\"wp-show-posts-image  wpsp-image-center \">\n\t\t\t<a href=\"https:\/\/blog.embluemail.com\/pt-br\/impulsione-seus-negocios-com-o-nps-net-promoter-score-e-o-modulo-de-felicidade-estrategia-pratica-para-promover-clientes-satisfeitos\/\"  title=\"Impulsione seus neg\u00f3cios com o NPS (Net Promoter Score) e o M\u00f3dulo de Felicidade. Estrat\u00e9gia pr\u00e1tica para promover clientes satisfeitos\">\t\t\t\t\t<img decoding=\"async\" src=\"https:\/\/blog.embluemail.com\/wp-content\/uploads\/2023\/09\/landing_portugues-365x175.jpg\" alt=\"Impulsione seus neg\u00f3cios com o NPS (Net Promoter Score) e o M\u00f3dulo de Felicidade. Estrat\u00e9gia pr\u00e1tica para promover clientes satisfeitos\" itemprop=\"image\" class=\"center\" \/>\n\t\t\t\t<\/a>\t\t<\/div>\n\t\t\t\t\t\t\t\t<header class=\"wp-show-posts-entry-header\">\n\t\t\t\t\t\t\t<h2 class=\"wp-show-posts-entry-title\" itemprop=\"headline\"><a href=\"https:\/\/blog.embluemail.com\/pt-br\/impulsione-seus-negocios-com-o-nps-net-promoter-score-e-o-modulo-de-felicidade-estrategia-pratica-para-promover-clientes-satisfeitos\/\" rel=\"bookmark\">Impulsione seus neg\u00f3cios com o NPS (Net Promoter Score) e o M\u00f3dulo de Felicidade. Estrat\u00e9gia pr\u00e1tica para promover clientes satisfeitos<\/a><\/h2>\t\t\t\t\t\t<\/header><!-- .entry-header -->\n\t\t\t\t\t\t\t\t\t\t\t<div class=\"wp-show-posts-entry-summary\" itemprop=\"text\">\n\t\t\t\t\t\t\t<p>Aprenda neste download gratuito as melhores pr\u00e1ticas para transformar seus clientes fi\u00e9is em embaixadores da marca por meio de estrat\u00e9gias que aumentam o n\u00edvel de satisfa\u00e7\u00e3o deles. \u00c9 mais eficiente&#8230;<\/p>\n\t\t\t\t\t\t<\/div><!-- .entry-summary -->\n\t\t\t\t\t<div class=\"wpsp-read-more\"><a title=\"Impulsione seus neg\u00f3cios com o NPS (Net Promoter Score) e o M\u00f3dulo de Felicidade. Estrat\u00e9gia pr\u00e1tica para promover clientes satisfeitos\" class=\"wp-show-posts-read-more\" href=\"https:\/\/blog.embluemail.com\/pt-br\/impulsione-seus-negocios-com-o-nps-net-promoter-score-e-o-modulo-de-felicidade-estrategia-pratica-para-promover-clientes-satisfeitos\/\">ler mais...<\/a><\/div><div class=\"wp-show-posts-entry-meta wp-show-posts-entry-meta-below-post post-meta-stack\"><span class=\"wp-show-posts-byline wp-show-posts-meta\">\n\t\t\t\t\t<span class=\"wp-show-posts-author vcard\" itemtype=\"http:\/\/schema.org\/Person\" itemscope=\"itemscope\" itemprop=\"author\">\n\t\t\t\t\t\t<a class=\"url fn n\" href=\"https:\/\/blog.embluemail.com\/pt-br\/author\/admin\/\" title=\"Ver todos os posts por emBlue\" rel=\"author\" itemprop=\"url\">\n\t\t\t\t\t\t\t<span class=\"author-name\" itemprop=\"name\">emBlue<\/span>\n\t\t\t\t\t\t<\/a>\n\t\t\t\t\t<\/span>\n\t\t\t\t<\/span><br \/><span class=\"wp-show-posts-posted-on wp-show-posts-meta\">\n\t\t\t\t\t<a href=\"https:\/\/blog.embluemail.com\/pt-br\/impulsione-seus-negocios-com-o-nps-net-promoter-score-e-o-modulo-de-felicidade-estrategia-pratica-para-promover-clientes-satisfeitos\/\" title=\"8:14 pm\" rel=\"bookmark\"><time class=\"wp-show-posts-entry-date published\" datetime=\"2023-09-25T20:14:26+00:00\" itemprop=\"datePublished\">setembro 25, 2023<\/time><time class=\"wp-show-posts-updated\" datetime=\"2023-09-27T18:24:36+00:00\" itemprop=\"dateModified\">setembro 27, 2023<\/time><\/a>\n\t\t\t\t<\/span><br \/><span class=\"wp-show-posts-terms wp-show-posts-meta\"><a href=\"https:\/\/blog.embluemail.com\/pt-br\/category\/ebooks\/\" rel=\"tag\">ebooks<\/a>, <a href=\"https:\/\/blog.embluemail.com\/category\/notas\/\" rel=\"tag\">Notas<\/a><\/span><\/div><\/div><!-- wp-show-posts-inner --><\/article><article class=\" wp-show-posts-single post-29340 post type-post status-publish format-standard has-post-thumbnail hentry category-ebooks category-notas tag-marketing-digital-pt-br wpsp-col-6\" itemtype=\"http:\/\/schema.org\/CreativeWork\" itemscope><div class=\"wp-show-posts-inner\" style=\"\">\t\t<div class=\"wp-show-posts-image  wpsp-image-center \">\n\t\t\t<a href=\"https:\/\/blog.embluemail.com\/pt-br\/workflows-um-guia-completo-para-otimizar-sua-estrategia-de-marketing-automation\/\"  title=\"Guia definitivo: 7 etapas para criar um workflow de automa\u00e7\u00e3o bem-sucedido\">\t\t\t\t\t<img decoding=\"async\" src=\"https:\/\/blog.embluemail.com\/wp-content\/uploads\/2023\/09\/landing_portgues-365x175.png\" alt=\"Guia definitivo: 7 etapas para criar um workflow de automa\u00e7\u00e3o bem-sucedido\" itemprop=\"image\" class=\"center\" \/>\n\t\t\t\t<\/a>\t\t<\/div>\n\t\t\t\t\t\t\t\t<header class=\"wp-show-posts-entry-header\">\n\t\t\t\t\t\t\t<h2 class=\"wp-show-posts-entry-title\" itemprop=\"headline\"><a href=\"https:\/\/blog.embluemail.com\/pt-br\/workflows-um-guia-completo-para-otimizar-sua-estrategia-de-marketing-automation\/\" rel=\"bookmark\">Guia definitivo: 7 etapas para criar um workflow de automa\u00e7\u00e3o bem-sucedido<\/a><\/h2>\t\t\t\t\t\t<\/header><!-- .entry-header -->\n\t\t\t\t\t\t\t\t\t\t\t<div class=\"wp-show-posts-entry-summary\" itemprop=\"text\">\n\t\t\t\t\t\t\t<p>Voc\u00ea est\u00e1 pronto para transformar sua estrat\u00e9gia de marketing? Nosso novo ebook \u00e9 um guia abrangente para ajud\u00e1-lo a entender a import\u00e2ncia e os benef\u00edcios da automa\u00e7\u00e3o e dar algumas&#8230;<\/p>\n\t\t\t\t\t\t<\/div><!-- .entry-summary -->\n\t\t\t\t\t<div class=\"wpsp-read-more\"><a title=\"Guia definitivo: 7 etapas para criar um workflow de automa\u00e7\u00e3o bem-sucedido\" class=\"wp-show-posts-read-more\" href=\"https:\/\/blog.embluemail.com\/pt-br\/workflows-um-guia-completo-para-otimizar-sua-estrategia-de-marketing-automation\/\">ler mais...<\/a><\/div><div class=\"wp-show-posts-entry-meta wp-show-posts-entry-meta-below-post post-meta-stack\"><span class=\"wp-show-posts-byline wp-show-posts-meta\">\n\t\t\t\t\t<span class=\"wp-show-posts-author vcard\" itemtype=\"http:\/\/schema.org\/Person\" itemscope=\"itemscope\" itemprop=\"author\">\n\t\t\t\t\t\t<a class=\"url fn n\" href=\"https:\/\/blog.embluemail.com\/pt-br\/author\/admin\/\" title=\"Ver todos os posts por emBlue\" rel=\"author\" itemprop=\"url\">\n\t\t\t\t\t\t\t<span class=\"author-name\" itemprop=\"name\">emBlue<\/span>\n\t\t\t\t\t\t<\/a>\n\t\t\t\t\t<\/span>\n\t\t\t\t<\/span><br \/><span class=\"wp-show-posts-posted-on wp-show-posts-meta\">\n\t\t\t\t\t<a href=\"https:\/\/blog.embluemail.com\/pt-br\/workflows-um-guia-completo-para-otimizar-sua-estrategia-de-marketing-automation\/\" title=\"5:22 pm\" rel=\"bookmark\"><time class=\"wp-show-posts-entry-date published\" datetime=\"2023-09-18T17:22:36+00:00\" itemprop=\"datePublished\">setembro 18, 2023<\/time><time class=\"wp-show-posts-updated\" datetime=\"2023-11-09T15:05:33+00:00\" itemprop=\"dateModified\">novembro 9, 2023<\/time><\/a>\n\t\t\t\t<\/span><br \/><span class=\"wp-show-posts-terms wp-show-posts-meta\"><a href=\"https:\/\/blog.embluemail.com\/pt-br\/category\/ebooks\/\" rel=\"tag\">ebooks<\/a>, <a href=\"https:\/\/blog.embluemail.com\/category\/notas\/\" rel=\"tag\">Notas<\/a><\/span><\/div><\/div><!-- wp-show-posts-inner --><\/article><article class=\" wp-show-posts-single post-29190 post type-post status-publish format-standard has-post-thumbnail hentry category-ebooks category-notas tag-marketing-digital-pt-br wpsp-col-6\" itemtype=\"http:\/\/schema.org\/CreativeWork\" itemscope><div class=\"wp-show-posts-inner\" style=\"\">\t\t<div class=\"wp-show-posts-image  wpsp-image-center \">\n\t\t\t<a href=\"https:\/\/blog.embluemail.com\/pt-br\/12-dicas-para-criar-um-funil-orientado-por-dados\/\"  title=\"12 dicas para criar um funil orientado por dados\">\t\t\t\t\t<img decoding=\"async\" src=\"https:\/\/blog.embluemail.com\/wp-content\/uploads\/2023\/08\/landing_portugues-365x175.jpg\" alt=\"12 dicas para criar um funil orientado por dados\" itemprop=\"image\" class=\"center\" \/>\n\t\t\t\t<\/a>\t\t<\/div>\n\t\t\t\t\t\t\t\t<header class=\"wp-show-posts-entry-header\">\n\t\t\t\t\t\t\t<h2 class=\"wp-show-posts-entry-title\" itemprop=\"headline\"><a href=\"https:\/\/blog.embluemail.com\/pt-br\/12-dicas-para-criar-um-funil-orientado-por-dados\/\" rel=\"bookmark\">12 dicas para criar um funil orientado por dados<\/a><\/h2>\t\t\t\t\t\t<\/header><!-- .entry-header -->\n\t\t\t\t\t\t\t\t\t\t\t<div class=\"wp-show-posts-entry-summary\" itemprop=\"text\">\n\t\t\t\t\t\t\t<p>Voc\u00ea sabia que 71% dos consumidores esperam que as empresas interajam com eles de forma personalizada e 76% ficam frustrados quando isso n\u00e3o acontece, fazendo com que 3 em cada&#8230;<\/p>\n\t\t\t\t\t\t<\/div><!-- .entry-summary -->\n\t\t\t\t\t<div class=\"wpsp-read-more\"><a title=\"12 dicas para criar um funil orientado por dados\" class=\"wp-show-posts-read-more\" href=\"https:\/\/blog.embluemail.com\/pt-br\/12-dicas-para-criar-um-funil-orientado-por-dados\/\">ler mais...<\/a><\/div><div class=\"wp-show-posts-entry-meta wp-show-posts-entry-meta-below-post post-meta-stack\"><span class=\"wp-show-posts-byline wp-show-posts-meta\">\n\t\t\t\t\t<span class=\"wp-show-posts-author vcard\" itemtype=\"http:\/\/schema.org\/Person\" itemscope=\"itemscope\" itemprop=\"author\">\n\t\t\t\t\t\t<a class=\"url fn n\" href=\"https:\/\/blog.embluemail.com\/pt-br\/author\/admin\/\" title=\"Ver todos os posts por emBlue\" rel=\"author\" itemprop=\"url\">\n\t\t\t\t\t\t\t<span class=\"author-name\" itemprop=\"name\">emBlue<\/span>\n\t\t\t\t\t\t<\/a>\n\t\t\t\t\t<\/span>\n\t\t\t\t<\/span><br \/><span class=\"wp-show-posts-posted-on wp-show-posts-meta\">\n\t\t\t\t\t<a href=\"https:\/\/blog.embluemail.com\/pt-br\/12-dicas-para-criar-um-funil-orientado-por-dados\/\" title=\"6:33 pm\" rel=\"bookmark\"><time class=\"wp-show-posts-entry-date published\" datetime=\"2023-08-14T18:33:18+00:00\" itemprop=\"datePublished\">agosto 14, 2023<\/time><time class=\"wp-show-posts-updated\" datetime=\"2023-09-27T18:08:58+00:00\" itemprop=\"dateModified\">setembro 27, 2023<\/time><\/a>\n\t\t\t\t<\/span><br \/><span class=\"wp-show-posts-terms wp-show-posts-meta\"><a href=\"https:\/\/blog.embluemail.com\/pt-br\/category\/ebooks\/\" rel=\"tag\">ebooks<\/a>, <a href=\"https:\/\/blog.embluemail.com\/category\/notas\/\" rel=\"tag\">Notas<\/a><\/span><\/div><\/div><!-- wp-show-posts-inner --><\/article><article class=\" wp-show-posts-single post-28922 post type-post status-publish format-standard has-post-thumbnail hentry category-ebooks category-notas tag-marketing-digital-pt-br wpsp-col-6\" itemtype=\"http:\/\/schema.org\/CreativeWork\" itemscope><div class=\"wp-show-posts-inner\" style=\"\">\t\t<div class=\"wp-show-posts-image  wpsp-image-center \">\n\t\t\t<a href=\"https:\/\/blog.embluemail.com\/pt-br\/o-abc-do-e-mail-marketing\/\"  title=\"O Abc do e-mail marketing\">\t\t\t\t\t<img decoding=\"async\" src=\"https:\/\/blog.embluemail.com\/wp-content\/uploads\/2023\/06\/img-landing-blog-_-portugues-365x175.jpg\" alt=\"O Abc do e-mail marketing\" itemprop=\"image\" class=\"center\" \/>\n\t\t\t\t<\/a>\t\t<\/div>\n\t\t\t\t\t\t\t\t<header class=\"wp-show-posts-entry-header\">\n\t\t\t\t\t\t\t<h2 class=\"wp-show-posts-entry-title\" itemprop=\"headline\"><a href=\"https:\/\/blog.embluemail.com\/pt-br\/o-abc-do-e-mail-marketing\/\" rel=\"bookmark\">O Abc do e-mail marketing<\/a><\/h2>\t\t\t\t\t\t<\/header><!-- .entry-header -->\n\t\t\t\t\t\t\t\t\t\t\t<div class=\"wp-show-posts-entry-summary\" itemprop=\"text\">\n\t\t\t\t\t\t\t<p>Saiba mais sobre a import\u00e2ncia e a efic\u00e1cia do e-mail marketing nas estrat\u00e9gias de marketing e como voc\u00ea pode implement\u00e1-lo para tornar suas comunica\u00e7\u00f5es altamente eficazes e gerar melhores resultados&#8230;.<\/p>\n\t\t\t\t\t\t<\/div><!-- .entry-summary -->\n\t\t\t\t\t<div class=\"wpsp-read-more\"><a title=\"O Abc do e-mail marketing\" class=\"wp-show-posts-read-more\" href=\"https:\/\/blog.embluemail.com\/pt-br\/o-abc-do-e-mail-marketing\/\">ler mais...<\/a><\/div><div class=\"wp-show-posts-entry-meta wp-show-posts-entry-meta-below-post post-meta-stack\"><span class=\"wp-show-posts-byline wp-show-posts-meta\">\n\t\t\t\t\t<span class=\"wp-show-posts-author vcard\" itemtype=\"http:\/\/schema.org\/Person\" itemscope=\"itemscope\" itemprop=\"author\">\n\t\t\t\t\t\t<a class=\"url fn n\" href=\"https:\/\/blog.embluemail.com\/pt-br\/author\/admin\/\" title=\"Ver todos os posts por emBlue\" rel=\"author\" itemprop=\"url\">\n\t\t\t\t\t\t\t<span class=\"author-name\" itemprop=\"name\">emBlue<\/span>\n\t\t\t\t\t\t<\/a>\n\t\t\t\t\t<\/span>\n\t\t\t\t<\/span><br \/><span class=\"wp-show-posts-posted-on wp-show-posts-meta\">\n\t\t\t\t\t<a href=\"https:\/\/blog.embluemail.com\/pt-br\/o-abc-do-e-mail-marketing\/\" title=\"1:07 pm\" rel=\"bookmark\"><time class=\"wp-show-posts-entry-date published\" datetime=\"2023-06-22T13:07:47+00:00\" itemprop=\"datePublished\">junho 22, 2023<\/time><time class=\"wp-show-posts-updated\" datetime=\"2023-09-27T17:58:07+00:00\" itemprop=\"dateModified\">setembro 27, 2023<\/time><\/a>\n\t\t\t\t<\/span><br \/><span class=\"wp-show-posts-terms wp-show-posts-meta\"><a href=\"https:\/\/blog.embluemail.com\/pt-br\/category\/ebooks\/\" rel=\"tag\">ebooks<\/a>, <a href=\"https:\/\/blog.embluemail.com\/category\/notas\/\" rel=\"tag\">Notas<\/a><\/span><\/div><\/div><!-- wp-show-posts-inner --><\/article><div class=\"wpsp-clear\"><\/div><\/section><!-- .wp-show-posts -->\n\n\n\n<p><\/p>\n","protected":false},"excerpt":{"rendered":"","protected":false},"author":54,"featured_media":0,"parent":0,"menu_order":0,"comment_status":"closed","ping_status":"closed","template":"","meta":{"footnotes":""},"class_list":["post-20694","page","type-page","status-publish","hentry"],"yoast_head":"<!-- This site is optimized with the Yoast SEO Premium plugin v24.1 (Yoast SEO v24.1) - https:\/\/yoast.com\/wordpress\/plugins\/seo\/ -->\n<title>eBooks | Blog emBlue<\/title>\n<meta name=\"robots\" content=\"index, follow, max-snippet:-1, max-image-preview:large, max-video-preview:-1\" \/>\n<link rel=\"canonical\" href=\"https:\/\/blog.embluemail.com\/pt-br\/ebooks\/\" \/>\n<meta property=\"og:locale\" content=\"pt_BR\" \/>\n<meta property=\"og:type\" content=\"article\" \/>\n<meta property=\"og:title\" content=\"eBooks | Blog emBlue\" \/>\n<meta property=\"og:url\" content=\"https:\/\/blog.embluemail.com\/pt-br\/ebooks\/\" \/>\n<meta property=\"og:site_name\" content=\"Blog emBlue\" \/>\n<meta property=\"article:publisher\" content=\"https:\/\/www.facebook.com\/embluelatam\/\" \/>\n<meta property=\"article:modified_time\" content=\"2023-06-22T15:18:42+00:00\" \/>\n<meta name=\"twitter:card\" content=\"summary_large_image\" \/>\n<meta name=\"twitter:label1\" content=\"Est. tempo de leitura\" \/>\n\t<meta name=\"twitter:data1\" content=\"1 minuto\" \/>\n<script type=\"application\/ld+json\" class=\"yoast-schema-graph\">{\"@context\":\"https:\/\/schema.org\",\"@graph\":[{\"@type\":\"WebPage\",\"@id\":\"https:\/\/blog.embluemail.com\/pt-br\/ebooks\/\",\"url\":\"https:\/\/blog.embluemail.com\/pt-br\/ebooks\/\",\"name\":\"eBooks | Blog emBlue\",\"isPartOf\":{\"@id\":\"https:\/\/blog.embluemail.com\/#website\"},\"datePublished\":\"2021-10-25T01:24:49+00:00\",\"dateModified\":\"2023-06-22T15:18:42+00:00\",\"inLanguage\":\"pt-BR\",\"potentialAction\":[{\"@type\":\"ReadAction\",\"target\":[\"https:\/\/blog.embluemail.com\/pt-br\/ebooks\/\"]}]},{\"@type\":\"WebSite\",\"@id\":\"https:\/\/blog.embluemail.com\/#website\",\"url\":\"https:\/\/blog.embluemail.com\/\",\"name\":\"Blog emBlue\",\"description\":\"\",\"publisher\":{\"@id\":\"https:\/\/blog.embluemail.com\/#organization\"},\"potentialAction\":[{\"@type\":\"SearchAction\",\"target\":{\"@type\":\"EntryPoint\",\"urlTemplate\":\"https:\/\/blog.embluemail.com\/?s={search_term_string}\"},\"query-input\":{\"@type\":\"PropertyValueSpecification\",\"valueRequired\":true,\"valueName\":\"search_term_string\"}}],\"inLanguage\":\"pt-BR\"},{\"@type\":\"Organization\",\"@id\":\"https:\/\/blog.embluemail.com\/#organization\",\"name\":\"Blog emBlue\",\"url\":\"https:\/\/blog.embluemail.com\/\",\"logo\":{\"@type\":\"ImageObject\",\"inLanguage\":\"pt-BR\",\"@id\":\"https:\/\/blog.embluemail.com\/#\/schema\/logo\/image\/\",\"url\":\"https:\/\/blog.embluemail.com\/wp-content\/uploads\/2023\/03\/logo-emBlue-blog.png\",\"contentUrl\":\"https:\/\/blog.embluemail.com\/wp-content\/uploads\/2023\/03\/logo-emBlue-blog.png\",\"width\":288,\"height\":60,\"caption\":\"Blog emBlue\"},\"image\":{\"@id\":\"https:\/\/blog.embluemail.com\/#\/schema\/logo\/image\/\"},\"sameAs\":[\"https:\/\/www.facebook.com\/embluelatam\/\",\"https:\/\/www.instagram.com\/embluelatam\/\",\"https:\/\/www.linkedin.com\/company\/1491166\/admin\/dashboard\/\"]}]}<\/script>\n<!-- \/ Yoast SEO Premium plugin. -->","yoast_head_json":{"title":"eBooks | Blog emBlue","robots":{"index":"index","follow":"follow","max-snippet":"max-snippet:-1","max-image-preview":"max-image-preview:large","max-video-preview":"max-video-preview:-1"},"canonical":"https:\/\/blog.embluemail.com\/pt-br\/ebooks\/","og_locale":"pt_BR","og_type":"article","og_title":"eBooks | Blog emBlue","og_url":"https:\/\/blog.embluemail.com\/pt-br\/ebooks\/","og_site_name":"Blog emBlue","article_publisher":"https:\/\/www.facebook.com\/embluelatam\/","article_modified_time":"2023-06-22T15:18:42+00:00","twitter_card":"summary_large_image","twitter_misc":{"Est. tempo de leitura":"1 minuto"},"schema":{"@context":"https:\/\/schema.org","@graph":[{"@type":"WebPage","@id":"https:\/\/blog.embluemail.com\/pt-br\/ebooks\/","url":"https:\/\/blog.embluemail.com\/pt-br\/ebooks\/","name":"eBooks | Blog emBlue","isPartOf":{"@id":"https:\/\/blog.embluemail.com\/#website"},"datePublished":"2021-10-25T01:24:49+00:00","dateModified":"2023-06-22T15:18:42+00:00","inLanguage":"pt-BR","potentialAction":[{"@type":"ReadAction","target":["https:\/\/blog.embluemail.com\/pt-br\/ebooks\/"]}]},{"@type":"WebSite","@id":"https:\/\/blog.embluemail.com\/#website","url":"https:\/\/blog.embluemail.com\/","name":"Blog emBlue","description":"","publisher":{"@id":"https:\/\/blog.embluemail.com\/#organization"},"potentialAction":[{"@type":"SearchAction","target":{"@type":"EntryPoint","urlTemplate":"https:\/\/blog.embluemail.com\/?s={search_term_string}"},"query-input":{"@type":"PropertyValueSpecification","valueRequired":true,"valueName":"search_term_string"}}],"inLanguage":"pt-BR"},{"@type":"Organization","@id":"https:\/\/blog.embluemail.com\/#organization","name":"Blog emBlue","url":"https:\/\/blog.embluemail.com\/","logo":{"@type":"ImageObject","inLanguage":"pt-BR","@id":"https:\/\/blog.embluemail.com\/#\/schema\/logo\/image\/","url":"https:\/\/blog.embluemail.com\/wp-content\/uploads\/2023\/03\/logo-emBlue-blog.png","contentUrl":"https:\/\/blog.embluemail.com\/wp-content\/uploads\/2023\/03\/logo-emBlue-blog.png","width":288,"height":60,"caption":"Blog emBlue"},"image":{"@id":"https:\/\/blog.embluemail.com\/#\/schema\/logo\/image\/"},"sameAs":["https:\/\/www.facebook.com\/embluelatam\/","https:\/\/www.instagram.com\/embluelatam\/","https:\/\/www.linkedin.com\/company\/1491166\/admin\/dashboard\/"]}]}},"_links":{"self":[{"href":"https:\/\/blog.embluemail.com\/pt-br\/wp-json\/wp\/v2\/pages\/20694","targetHints":{"allow":["GET"]}}],"collection":[{"href":"https:\/\/blog.embluemail.com\/pt-br\/wp-json\/wp\/v2\/pages"}],"about":[{"href":"https:\/\/blog.embluemail.com\/pt-br\/wp-json\/wp\/v2\/types\/page"}],"author":[{"embeddable":true,"href":"https:\/\/blog.embluemail.com\/pt-br\/wp-json\/wp\/v2\/users\/54"}],"replies":[{"embeddable":true,"href":"https:\/\/blog.embluemail.com\/pt-br\/wp-json\/wp\/v2\/comments?post=20694"}],"version-history":[{"count":4,"href":"https:\/\/blog.embluemail.com\/pt-br\/wp-json\/wp\/v2\/pages\/20694\/revisions"}],"predecessor-version":[{"id":28932,"href":"https:\/\/blog.embluemail.com\/pt-br\/wp-json\/wp\/v2\/pages\/20694\/revisions\/28932"}],"wp:attachment":[{"href":"https:\/\/blog.embluemail.com\/pt-br\/wp-json\/wp\/v2\/media?parent=20694"}],"curies":[{"name":"wp","href":"https:\/\/api.w.org\/{rel}","templated":true}]}}